{"id":471,"date":"2024-11-16T19:48:01","date_gmt":"2024-11-16T19:48:01","guid":{"rendered":"https:\/\/www.eva-maropoulos.ch\/?page_id=471"},"modified":"2025-08-20T19:28:42","modified_gmt":"2025-08-20T19:28:42","slug":"duo-dua","status":"publish","type":"page","link":"https:\/\/www.eva-maropoulos.ch\/index.php\/duo-dua\/","title":{"rendered":"Duo Dua"},"content":{"rendered":"\n<p>Gewinnerinnen Jungsegler 2025<\/p>\n\n\n\n<p align=\"justify\"> Wir sind Christina Spaar und Eva Maropoulos und bilden zusammen das Duo Dua. Bereits\nunsere erste Produktion \u201cDu hast keine Chance, packe sie!\u201d, die wir mit unserer Schauspielkollegin, Jo\u00eblle Danielle, als Trio Tria auf die B\u00fchne brachten, zeichnete sich durch eine hohe Aktualit\u00e4t und Relevanz aus. In der Folge konnten wir eine erfolgreiche Schweizer Tournee mit insgesamt 31 Vorstellungen durchf\u00fchren. Nun sind wir noch zu zweit als Duo Dua unterwegs und wollen genau so weitermachen. Vernarrt in alles, was mit Rhythmus und Timing zu tun hat, geben wir uns dem auch in unserem neuen Projekt &#8222;Entspannen Sie sich!\u201d sprachlich, textlich sowie auch k\u00f6rperlich v\u00f6llig hin. <br><br>Entspannen Sie sich! &#8211; Ein kabarettistisches Theaterst\u00fcck \u00fcber das Oszillieren zwischen Herzinfarkten und Yoga Retreats. <br><br><strong>Konzept, Text und Spiel:<\/strong> Eva Maropoulos und Christina Spaar<br><br> <strong>Regie: <\/strong>Giuseppe Spina <br><br>Mehr Informationen zum St\u00fcck und zu den Vorstellungen findest du auf <a href=\"http:\/\/www.duodua.com\" target=\"_blank\" rel=\"noopener\">www.duodua.com<\/a><\/p>\n\n\n\n<p><\/p>\n","protected":false},"excerpt":{"rendered":"<p>Gewinnerinnen Jungsegler 2025 Wir sind Christina Spaar und Eva Maropoulos und bilden zusammen das Duo Dua. Bereits unsere erste Produktion \u201cDu hast keine Chance, packe sie!\u201d, die wir mit unserer Schauspielkollegin, Jo\u00eblle Danielle, als Trio Tria auf die B\u00fchne brachten, zeichnete sich durch eine hohe Aktualit\u00e4t und Relevanz aus. In der Folge konnten wir eine &hellip; <\/p>\n<p class=\"link-more\"><a href=\"https:\/\/www.eva-maropoulos.ch\/index.php\/duo-dua\/\" class=\"more-link\"><span class=\"screen-reader-text\">\u201eDuo Dua\u201c<\/span> weiterlesen<\/a><\/p>\n","protected":false},"author":1,"featured_media":0,"parent":0,"menu_order":0,"comment_status":"closed","ping_status":"closed","template":"","meta":{"footnotes":""},"class_list":["post-471","page","type-page","status-publish","hentry"],"yoast_head":"<!-- This site is optimized with the Yoast SEO plugin v20.7 - https:\/\/yoast.com\/wordpress\/plugins\/seo\/ -->\n<title>- eva maropoulos - eva maropoulos<\/title>\n<meta name=\"description\" content=\"Schauspielerin Z\u00fcrich Theater Werbung Casinotheater Winterthur Eva Maropoulos Schauspielstudium Hamburg\" \/>\n<meta name=\"robots\" content=\"index, follow, max-snippet:-1, max-image-preview:large, max-video-preview:-1\" \/>\n<link rel=\"canonical\" href=\"https:\/\/www.eva-maropoulos.ch\/index.php\/duo-dua\/\" \/>\n<meta property=\"og:locale\" content=\"de_DE\" \/>\n<meta property=\"og:type\" content=\"article\" \/>\n<meta property=\"og:title\" content=\"- eva maropoulos - eva maropoulos\" \/>\n<meta property=\"og:description\" content=\"Schauspielerin Z\u00fcrich Theater Werbung Casinotheater Winterthur Eva Maropoulos Schauspielstudium Hamburg\" \/>\n<meta property=\"og:url\" content=\"https:\/\/www.eva-maropoulos.ch\/index.php\/duo-dua\/\" \/>\n<meta property=\"og:site_name\" content=\"eva maropoulos\" \/>\n<meta property=\"article:modified_time\" content=\"2025-08-20T19:28:42+00:00\" \/>\n<meta name=\"twitter:card\" content=\"summary_large_image\" \/>\n<meta name=\"twitter:label1\" content=\"Gesch\u00e4tzte Lesezeit\" \/>\n\t<meta name=\"twitter:data1\" content=\"1\u00a0Minute\" \/>\n<script type=\"application\/ld+json\" class=\"yoast-schema-graph\">{\"@context\":\"https:\/\/schema.org\",\"@graph\":[{\"@type\":\"WebPage\",\"@id\":\"https:\/\/www.eva-maropoulos.ch\/index.php\/duo-dua\/\",\"url\":\"https:\/\/www.eva-maropoulos.ch\/index.php\/duo-dua\/\",\"name\":\"- eva maropoulos - eva maropoulos\",\"isPartOf\":{\"@id\":\"https:\/\/www.eva-maropoulos.ch\/#website\"},\"datePublished\":\"2024-11-16T19:48:01+00:00\",\"dateModified\":\"2025-08-20T19:28:42+00:00\",\"description\":\"Schauspielerin Z\u00fcrich Theater Werbung Casinotheater Winterthur Eva Maropoulos Schauspielstudium Hamburg\",\"breadcrumb\":{\"@id\":\"https:\/\/www.eva-maropoulos.ch\/index.php\/duo-dua\/#breadcrumb\"},\"inLanguage\":\"de\",\"potentialAction\":[{\"@type\":\"ReadAction\",\"target\":[\"https:\/\/www.eva-maropoulos.ch\/index.php\/duo-dua\/\"]}]},{\"@type\":\"BreadcrumbList\",\"@id\":\"https:\/\/www.eva-maropoulos.ch\/index.php\/duo-dua\/#breadcrumb\",\"itemListElement\":[{\"@type\":\"ListItem\",\"position\":1,\"name\":\"Home\",\"item\":\"https:\/\/www.eva-maropoulos.ch\/\"},{\"@type\":\"ListItem\",\"position\":2,\"name\":\"Duo Dua\"}]},{\"@type\":\"WebSite\",\"@id\":\"https:\/\/www.eva-maropoulos.ch\/#website\",\"url\":\"https:\/\/www.eva-maropoulos.ch\/\",\"name\":\"eva-maropoulos.ch\",\"description\":\"Schauspielerin\",\"publisher\":{\"@id\":\"https:\/\/www.eva-maropoulos.ch\/#\/schema\/person\/587b3249fd3ce01a47c12cff4b4ebd28\"},\"potentialAction\":[{\"@type\":\"SearchAction\",\"target\":{\"@type\":\"EntryPoint\",\"urlTemplate\":\"https:\/\/www.eva-maropoulos.ch\/?s={search_term_string}\"},\"query-input\":\"required name=search_term_string\"}],\"inLanguage\":\"de\"},{\"@type\":[\"Person\",\"Organization\"],\"@id\":\"https:\/\/www.eva-maropoulos.ch\/#\/schema\/person\/587b3249fd3ce01a47c12cff4b4ebd28\",\"name\":\"Eva Maropoulos\",\"image\":{\"@type\":\"ImageObject\",\"inLanguage\":\"de\",\"@id\":\"https:\/\/www.eva-maropoulos.ch\/#\/schema\/person\/image\/\",\"url\":\"https:\/\/www.eva-maropoulos.ch\/wp-content\/uploads\/2024\/07\/Fotocredit-EvaMaropoulos-1-scaled.jpg\",\"contentUrl\":\"https:\/\/www.eva-maropoulos.ch\/wp-content\/uploads\/2024\/07\/Fotocredit-EvaMaropoulos-1-scaled.jpg\",\"width\":1707,\"height\":2560,\"caption\":\"Eva Maropoulos\"},\"logo\":{\"@id\":\"https:\/\/www.eva-maropoulos.ch\/#\/schema\/person\/image\/\"},\"sameAs\":[\"http:\/\/eva-maropoulos.ch\"]}]}<\/script>\n<!-- \/ Yoast SEO plugin. -->","yoast_head_json":{"title":"- eva maropoulos - eva maropoulos","description":"Schauspielerin Z\u00fcrich Theater Werbung Casinotheater Winterthur Eva Maropoulos Schauspielstudium Hamburg","robots":{"index":"index","follow":"follow","max-snippet":"max-snippet:-1","max-image-preview":"max-image-preview:large","max-video-preview":"max-video-preview:-1"},"canonical":"https:\/\/www.eva-maropoulos.ch\/index.php\/duo-dua\/","og_locale":"de_DE","og_type":"article","og_title":"- eva maropoulos - eva maropoulos","og_description":"Schauspielerin Z\u00fcrich Theater Werbung Casinotheater Winterthur Eva Maropoulos Schauspielstudium Hamburg","og_url":"https:\/\/www.eva-maropoulos.ch\/index.php\/duo-dua\/","og_site_name":"eva maropoulos","article_modified_time":"2025-08-20T19:28:42+00:00","twitter_card":"summary_large_image","twitter_misc":{"Gesch\u00e4tzte Lesezeit":"1\u00a0Minute"},"schema":{"@context":"https:\/\/schema.org","@graph":[{"@type":"WebPage","@id":"https:\/\/www.eva-maropoulos.ch\/index.php\/duo-dua\/","url":"https:\/\/www.eva-maropoulos.ch\/index.php\/duo-dua\/","name":"- eva maropoulos - eva maropoulos","isPartOf":{"@id":"https:\/\/www.eva-maropoulos.ch\/#website"},"datePublished":"2024-11-16T19:48:01+00:00","dateModified":"2025-08-20T19:28:42+00:00","description":"Schauspielerin Z\u00fcrich Theater Werbung Casinotheater Winterthur Eva Maropoulos Schauspielstudium Hamburg","breadcrumb":{"@id":"https:\/\/www.eva-maropoulos.ch\/index.php\/duo-dua\/#breadcrumb"},"inLanguage":"de","potentialAction":[{"@type":"ReadAction","target":["https:\/\/www.eva-maropoulos.ch\/index.php\/duo-dua\/"]}]},{"@type":"BreadcrumbList","@id":"https:\/\/www.eva-maropoulos.ch\/index.php\/duo-dua\/#breadcrumb","itemListElement":[{"@type":"ListItem","position":1,"name":"Home","item":"https:\/\/www.eva-maropoulos.ch\/"},{"@type":"ListItem","position":2,"name":"Duo Dua"}]},{"@type":"WebSite","@id":"https:\/\/www.eva-maropoulos.ch\/#website","url":"https:\/\/www.eva-maropoulos.ch\/","name":"eva-maropoulos.ch","description":"Schauspielerin","publisher":{"@id":"https:\/\/www.eva-maropoulos.ch\/#\/schema\/person\/587b3249fd3ce01a47c12cff4b4ebd28"},"potentialAction":[{"@type":"SearchAction","target":{"@type":"EntryPoint","urlTemplate":"https:\/\/www.eva-maropoulos.ch\/?s={search_term_string}"},"query-input":"required name=search_term_string"}],"inLanguage":"de"},{"@type":["Person","Organization"],"@id":"https:\/\/www.eva-maropoulos.ch\/#\/schema\/person\/587b3249fd3ce01a47c12cff4b4ebd28","name":"Eva Maropoulos","image":{"@type":"ImageObject","inLanguage":"de","@id":"https:\/\/www.eva-maropoulos.ch\/#\/schema\/person\/image\/","url":"https:\/\/www.eva-maropoulos.ch\/wp-content\/uploads\/2024\/07\/Fotocredit-EvaMaropoulos-1-scaled.jpg","contentUrl":"https:\/\/www.eva-maropoulos.ch\/wp-content\/uploads\/2024\/07\/Fotocredit-EvaMaropoulos-1-scaled.jpg","width":1707,"height":2560,"caption":"Eva Maropoulos"},"logo":{"@id":"https:\/\/www.eva-maropoulos.ch\/#\/schema\/person\/image\/"},"sameAs":["http:\/\/eva-maropoulos.ch"]}]}},"_links":{"self":[{"href":"https:\/\/www.eva-maropoulos.ch\/index.php\/wp-json\/wp\/v2\/pages\/471","targetHints":{"allow":["GET"]}}],"collection":[{"href":"https:\/\/www.eva-maropoulos.ch\/index.php\/wp-json\/wp\/v2\/pages"}],"about":[{"href":"https:\/\/www.eva-maropoulos.ch\/index.php\/wp-json\/wp\/v2\/types\/page"}],"author":[{"embeddable":true,"href":"https:\/\/www.eva-maropoulos.ch\/index.php\/wp-json\/wp\/v2\/users\/1"}],"replies":[{"embeddable":true,"href":"https:\/\/www.eva-maropoulos.ch\/index.php\/wp-json\/wp\/v2\/comments?post=471"}],"version-history":[{"count":59,"href":"https:\/\/www.eva-maropoulos.ch\/index.php\/wp-json\/wp\/v2\/pages\/471\/revisions"}],"predecessor-version":[{"id":889,"href":"https:\/\/www.eva-maropoulos.ch\/index.php\/wp-json\/wp\/v2\/pages\/471\/revisions\/889"}],"wp:attachment":[{"href":"https:\/\/www.eva-maropoulos.ch\/index.php\/wp-json\/wp\/v2\/media?parent=471"}],"curies":[{"name":"wp","href":"https:\/\/api.w.org\/{rel}","templated":true}]}}