{"id":230,"date":"2021-01-17T17:35:55","date_gmt":"2021-01-17T17:35:55","guid":{"rendered":"https:\/\/www.greek-olive-oil.ch\/eva-maropoulos\/?page_id=230"},"modified":"2025-08-20T19:46:59","modified_gmt":"2025-08-20T19:46:59","slug":"vita","status":"publish","type":"page","link":"https:\/\/www.eva-maropoulos.ch\/index.php\/vita\/","title":{"rendered":"Vita"},"content":{"rendered":"\n<p class=\"has-text-align-center\"><strong>+41 77 522 80 51<br><a href=\"mailto:eva.maropoulos.contact@gmail.com\">eva.maropoulos.contact@gmail.com<\/a><\/strong><\/p>\n\n\n\n<p class=\"has-text-align-center\"><strong><span class=\"has-inline-color has-vivid-red-color\">EVA MAROPOULOS<\/span><\/strong><\/p>\n\n\n\n<div class=\"wp-block-columns is-layout-flex wp-container-core-columns-is-layout-1 wp-block-columns-is-layout-flex\">\n<div class=\"wp-block-column is-layout-flow wp-block-column-is-layout-flow\">\n<p>Geboren<br>Wohnort<br>Gr\u00f6sse<br>Haarfarbe<br>Augenfarbe<br>Sprachen<br><br><\/p>\n\n\n\n<p>Dialekte<br>Stimmlage<br>Tanz<br>Sport<\/p>\n<\/div>\n\n\n\n<div class=\"wp-block-column is-layout-flow wp-block-column-is-layout-flow\">\n<p>1990 in Z\u00fcrich<br>Z\u00fcrich<br>160cm<br>Dunkelblond<br>Gr\u00fcn-Braun<br>Deutsch (Muttersprache)<br>Griechisch (sehr gut)<br>Englisch (sehr gut)<br>Franz\u00f6sisch (gut)<br>Schweizerdeutsch<br>Alt<br>Jazz &#8211; Ballett<br>Fussball, Volleyball<\/p>\n<\/div>\n\n\n\n<div class=\"wp-block-column is-layout-flow wp-block-column-is-layout-flow\">\n<figure class=\"wp-block-image size-large\"><img loading=\"lazy\" decoding=\"async\" width=\"683\" height=\"1024\" src=\"https:\/\/www.eva-maropoulos.ch\/wp-content\/uploads\/2024\/07\/Fotocredit-EvaMaropoulos-1-683x1024.jpg\" alt=\"\" class=\"wp-image-845\" srcset=\"https:\/\/www.eva-maropoulos.ch\/wp-content\/uploads\/2024\/07\/Fotocredit-EvaMaropoulos-1-683x1024.jpg 683w, https:\/\/www.eva-maropoulos.ch\/wp-content\/uploads\/2024\/07\/Fotocredit-EvaMaropoulos-1-200x300.jpg 200w, https:\/\/www.eva-maropoulos.ch\/wp-content\/uploads\/2024\/07\/Fotocredit-EvaMaropoulos-1-768x1152.jpg 768w, https:\/\/www.eva-maropoulos.ch\/wp-content\/uploads\/2024\/07\/Fotocredit-EvaMaropoulos-1-1024x1536.jpg 1024w, https:\/\/www.eva-maropoulos.ch\/wp-content\/uploads\/2024\/07\/Fotocredit-EvaMaropoulos-1-1365x2048.jpg 1365w, https:\/\/www.eva-maropoulos.ch\/wp-content\/uploads\/2024\/07\/Fotocredit-EvaMaropoulos-1-scaled.jpg 1707w\" sizes=\"auto, (max-width: 683px) 100vw, 683px\" \/><\/figure>\n<\/div>\n<\/div>\n\n\n\n<div class=\"wp-block-group\"><div class=\"wp-block-group__inner-container is-layout-constrained wp-block-group-is-layout-constrained\"><\/div><\/div>\n\n\n\n<figure class=\"wp-block-table\"><table><tbody><tr><td><span class=\"has-inline-color has-vivid-red-color\">Ausbildung<\/span><\/td><td><\/td><td><span class=\"has-inline-color has-vivid-red-color\">Auszeichnungen<\/span><\/td><td class=\"has-text-align-right\" data-align=\"right\"><span class=\"has-inline-color has-vivid-red-color\"> <\/span> <span class=\"has-inline-color has-vivid-red-color\">Diplome<\/span><\/td><\/tr><tr><td>2019 -2021<br><br><\/td><td>Master of Arts,BFH in Theater<br>Hochschule der K\u00fcnste Bern<\/td><td>2017<br>2017<\/td><td class=\"has-text-align-right\" data-align=\"right\">Performance Plus Stipendium<br>VdpS Publikumspreis 1. Platz<\/td><\/tr><tr><td>2015-2018<br><br><\/td><td>Schule f\u00fcr Schauspiel Hamburg,<br>SfSH<\/td><td><\/td><td class=\"has-text-align-right\" data-align=\"right\"><\/td><\/tr><tr><td>2017<br><br><\/td><td>Source Tuning Workshop bei<br>Jens Roth<\/td><td><\/td><td class=\"has-text-align-right\" data-align=\"right\"><\/td><\/tr><tr><td>2006-2009<br><br><\/td><td>Restaurationsfachfrau EFZ<br>Swiss\u00f4tel Z\u00fcrich<\/td><td><\/td><td class=\"has-text-align-right\" data-align=\"right\"><\/td><\/tr><\/tbody><\/table><\/figure>\n\n\n\n<figure class=\"wp-block-table\"><table><tbody><tr><td><span class=\"has-inline-color has-vivid-red-color\">Theater                     <\/span><\/td><td><\/td><td><\/td><td><\/td><td class=\"has-text-align-left\" data-align=\"left\"><\/td><\/tr><tr><td><strong>Jahr              <\/strong><\/td><td><strong>St\u00fcck<\/strong><\/td><td><strong>Rolle<\/strong>                               <\/td><td><strong>Regie<\/strong><\/td><td class=\"has-text-align-left\" data-align=\"left\"><strong>Haus\/Kompanie<\/strong>                         <\/td><\/tr><tr><td>Okt. 2025<\/td><td>Cyrano<\/td><td>Roxane<\/td><td>Thomas Guglielmetti<\/td><td class=\"has-text-align-left\" data-align=\"left\">Theater Winterthur<\/td><\/tr><tr><td>Zurzeit<\/td><td>Entspannen Sie sich!<\/td><td>Jessica<\/td><td>Duo Dua<br>Giuseppe Spina<\/td><td class=\"has-text-align-left\" data-align=\"left\">Duo Dua<\/td><\/tr><tr><td>Zurzeit<\/td><td>Melody<\/td><td>Laura<\/td><td>Daniel Rohr<\/td><td class=\"has-text-align-left\" data-align=\"left\">Theater Rigiblick<\/td><\/tr><tr><td>Zurzeit<\/td><td>@alice.snow.white<\/td><td>Alice<\/td><td>Oliver K\u00fchn<\/td><td class=\"has-text-align-left\" data-align=\"left\">Theater Jetzt<\/td><\/tr><tr><td>2025<\/td><td>Honig im Kopf<\/td><td>Sarah<br>Rosenbach<\/td><td>Giuseppe Spina<\/td><td class=\"has-text-align-left\" data-align=\"left\">See Burgtheater<\/td><\/tr><tr><td>2025<\/td><td>Freitag ist Kiwi &#8211; Tag<\/td><td>Lily<\/td><td>Peter Niklaus Steiner<\/td><td class=\"has-text-align-left\" data-align=\"left\">Casinotheater<br>Winterthur<\/td><\/tr><tr><td>2023 &#8211; 2025<\/td><td>35 Kilo Hoffnung<\/td><td>David<\/td><td>Sophia Pervilhac<\/td><td class=\"has-text-align-left\" data-align=\"left\">Theater Kanton ZH<\/td><\/tr><tr><td>2023-2025<\/td><td>Die Laborantin<\/td><td>Char<\/td><td>R\u00fcdiger Burbach<\/td><td class=\"has-text-align-left\" data-align=\"left\">Theater Kanton ZH<\/td><\/tr><tr><td>2024<\/td><td>Shakespeare in Love<\/td><td>Viola de Lesseps<\/td><td>Elias Perrig<\/td><td class=\"has-text-align-left\" data-align=\"left\">Theater Kanton ZH<\/td><\/tr><tr><td>2022 &#8211; 2024<\/td><td>Der nackte Wahnsinn   <\/td><td>Brooke Ashton<\/td><td>R\u00fcdiger Burbach<\/td><td class=\"has-text-align-left\" data-align=\"left\">Theater Kanton ZH<\/td><\/tr><tr><td>2021 &#8211; 2024<\/td><td>Du hast keine Chance, packe sie!<\/td><td>Sissy Sisyphos<\/td><td>Trio Tria <br>G\u00fcnther Baldauf<\/td><td class=\"has-text-align-left\" data-align=\"left\">Trio Tria<\/td><\/tr><tr><td>Juni 2023<\/td><td>Helvetica &#8211; Das Volksmusical<\/td><td>Sanja Ilic<\/td><td>Isabella Rapp<br>Musikalische Leitung: Goran Kova\u010devi\u0107<\/td><td class=\"has-text-align-left\" data-align=\"left\">Music Productions<br>Lokremise Buchs SG<\/td><\/tr><tr><td><br>2021 &#8211; 2022<br><\/td><td>Sp\u00e4te Rache<\/td><td>Cindy Dixon<br>Karen Beisser<\/td><td>Peter Denlo<\/td><td class=\"has-text-align-left\" data-align=\"left\">Denlo Production<\/td><\/tr><tr><td>2021 &#8211; 2022<\/td><td>CrASH<\/td><td>Anna<\/td><td>Jan Weissenfels<\/td><td class=\"has-text-align-left\" data-align=\"left\">Forum Theater Z\u00fcrich<\/td><\/tr><tr><td>2021-2022<\/td><td>Sp\u00e4te Rache (ABGESAGT)<br><\/td><td>Cindy Dixon<br>Karen Beisser<\/td><td>Peter Denlo<\/td><td class=\"has-text-align-left\" data-align=\"left\">Denlo Production<\/td><\/tr><tr><td>2019-2020<\/td><td>Mord beim Check &#8211; in<\/td><td>Germaine Dutoit<br>Maria Relit\u00e0<br>Ruby Winter<\/td><td>Isabelle Anne K\u00fcng<\/td><td class=\"has-text-align-left\" data-align=\"left\">Denlo Production<\/td><\/tr><tr><td>2019<\/td><td>Walden<\/td><td>Waldnymphe<\/td><td>Showcase Beat Le Mot<\/td><td class=\"has-text-align-left\" data-align=\"left\">Vidmarhallen<\/td><\/tr><tr><td>2018-2019 <\/td><td>Bunbury<\/td><td>Cecily Cardew<\/td><td>Fabian Alder<\/td><td class=\"has-text-align-left\" data-align=\"left\">SH Landestheater<\/td><\/tr><tr><td>2018-2019<\/td><td>Mein Freund Harvey<\/td><td>Myrtle Mae<br>Simmons<\/td><td>Henning Bock<\/td><td class=\"has-text-align-left\" data-align=\"left\">SH Landestheater<\/td><\/tr><tr><td>2018<\/td><td>Diebe<\/td><td>Diverse Rollen<\/td><td>Friederike Harmstorf<\/td><td class=\"has-text-align-left\" data-align=\"left\">Studiob\u00fchne SfSH<\/td><\/tr><tr><td>2017-2019 <\/td><td>Die Nacht in der Alles<\/td><td>Miriam<\/td><td>Lisa van Buren<\/td><td class=\"has-text-align-left\" data-align=\"left\">SH Landestheater<\/td><\/tr><tr><td>2017-2018<\/td><td>Krach in Chiozza<\/td><td>Lucietta<\/td><td>Cornelia Schirmer<\/td><td class=\"has-text-align-left\" data-align=\"left\">Studiob\u00fchne SfSH<\/td><\/tr><tr><td>2017<\/td><td>Ein Sommernachtstraum<\/td><td>Hermia<\/td><td>Jasper Brandis<\/td><td class=\"has-text-align-left\" data-align=\"left\">Schlosstheater<br>Celle<\/td><\/tr><\/tbody><\/table><\/figure>\n\n\n\n<figure class=\"wp-block-table is-style-regular\"><table><tbody><tr><td><mark style=\"background-color:rgba(0, 0, 0, 0)\" class=\"has-inline-color has-vivid-red-color\">Film \/ TV \/ Comm.<\/mark><\/td><td><\/td><td><\/td><td><\/td><td><\/td><\/tr><tr><td><strong>Jahr<\/strong><\/td><td><strong>St\u00fcck<\/strong><\/td><td><strong>Kunde<\/strong><\/td><td><strong>Regie<\/strong><\/td><td><strong>Produktionsfirma<\/strong><\/td><\/tr><tr><td>2024<\/td><td>Commercial<\/td><td>Sokke Socken<\/td><td>Piero Istrice<\/td><td>Piero Istrice<\/td><\/tr><tr><td>2024<\/td><td>Commercial<\/td><td>KGM Torres<\/td><td>Christian Panzeri<\/td><td>Hashcap<\/td><\/tr><tr><td>2022<\/td><td>Commercial<\/td><td><a href=\"https:\/\/www.eva-maropoulos.ch\/wp-includes\/video\/Zur-Rose-Apotheke-1.mov\" target=\"_blank\" rel=\"noreferrer noopener\">Zur Rose Apotheke<\/a><\/td><td>Piero Istrice<\/td><td>Piero Istrice<\/td><\/tr><tr><td>2022<\/td><td>Commercial<\/td><td><a href=\"https:\/\/www.eva-maropoulos.ch\/wp-includes\/video\/Gonser.mp4\" target=\"_blank\" rel=\"noreferrer noopener\">Gonser<\/a><\/td><td>Vicente Esteban<\/td><td>Vicente Esteban<\/td><\/tr><tr><td>2022<\/td><td>Commercial<\/td><td><a href=\"https:\/\/www.eva-maropoulos.ch\/wp-includes\/video\/GehrigGroup.mp4\" target=\"_blank\" rel=\"noreferrer noopener\">Gehrig Group<\/a><\/td><td>Jo\u00e9l Lopez<\/td><td>IWISH Productions<\/td><\/tr><tr><td>2021<\/td><td>Commercial<\/td><td><a href=\"https:\/\/youtu.be\/Ou2J6bOMaNE\" target=\"_blank\" rel=\"noreferrer noopener\">Schweizer Post<\/a><\/td><td>Sean Wirz<\/td><td>Safran Films<\/td><\/tr><tr><td>2021<\/td><td>Commercial<\/td><td><a href=\"https:\/\/www.eva-maropoulos.ch\/wp-includes\/video\/1689017_GALAXUS_CHRISTMESS_Vegans_D_72.mp4\" target=\"_blank\" rel=\"noreferrer noopener\">Galaxus<\/a><\/td><td>Chris Niemeyer<\/td><td>Plan B Film<\/td><\/tr><tr><td>2021<\/td><td>Commercial<\/td><td><a href=\"https:\/\/www.eva-maropoulos.ch\/wp-content\/uploads\/2021\/06\/210610-EM_Interview_20s_DE_16-9.mp4\" target=\"_blank\" rel=\"noreferrer noopener\">Zweifel Chips<\/a><\/td><td>Kay Kienzler<\/td><td>who&#8217;s mcqueen picture<\/td><\/tr><tr><td>2021<\/td><td>Short Movie<\/td><td><a href=\"http:\/\/www.seanwirz.com\/entropyofthings\" target=\"_blank\" rel=\"noreferrer noopener\">Entropy of Things<\/a><\/td><td>Sean Wirz<\/td><td>Neon Ray Films<\/td><\/tr><tr><td>2021<\/td><td>Commercial<\/td><td><a href=\"https:\/\/youtu.be\/hFL2dKGD36Y\" target=\"_blank\" rel=\"noreferrer noopener\">BAG<\/a><\/td><td>Kai Schonrath<\/td><td>CZAR Film AG<\/td><\/tr><\/tbody><\/table><\/figure>\n\n\n\n<p><\/p>\n","protected":false},"excerpt":{"rendered":"<p>+41 77 522 80 51eva.maropoulos.contact@gmail.com EVA MAROPOULOS GeborenWohnortGr\u00f6sseHaarfarbeAugenfarbeSprachen DialekteStimmlageTanzSport 1990 in Z\u00fcrichZ\u00fcrich160cmDunkelblondGr\u00fcn-BraunDeutsch (Muttersprache)Griechisch (sehr gut)Englisch (sehr gut)Franz\u00f6sisch (gut)SchweizerdeutschAltJazz &#8211; BallettFussball, Volleyball Ausbildung Auszeichnungen Diplome 2019 -2021 Master of Arts,BFH in TheaterHochschule der K\u00fcnste Bern 20172017 Performance Plus StipendiumVdpS Publikumspreis 1. Platz 2015-2018 Schule f\u00fcr Schauspiel Hamburg,SfSH 2017 Source Tuning Workshop beiJens Roth 2006-2009 Restaurationsfachfrau EFZSwiss\u00f4tel &hellip; <\/p>\n<p class=\"link-more\"><a href=\"https:\/\/www.eva-maropoulos.ch\/index.php\/vita\/\" class=\"more-link\"><span class=\"screen-reader-text\">\u201eVita\u201c<\/span> weiterlesen<\/a><\/p>\n","protected":false},"author":1,"featured_media":0,"parent":0,"menu_order":0,"comment_status":"closed","ping_status":"closed","template":"","meta":{"footnotes":""},"class_list":["post-230","page","type-page","status-publish","hentry"],"yoast_head":"<!-- This site is optimized with the Yoast SEO plugin v20.7 - https:\/\/yoast.com\/wordpress\/plugins\/seo\/ -->\n<title>Vita - eva maropoulos<\/title>\n<meta name=\"robots\" content=\"index, follow, max-snippet:-1, max-image-preview:large, max-video-preview:-1\" \/>\n<link rel=\"canonical\" href=\"https:\/\/www.eva-maropoulos.ch\/index.php\/vita\/\" \/>\n<meta property=\"og:locale\" content=\"de_DE\" \/>\n<meta property=\"og:type\" content=\"article\" \/>\n<meta property=\"og:title\" content=\"Vita - eva maropoulos\" \/>\n<meta property=\"og:description\" content=\"+41 77 522 80 51eva.maropoulos.contact@gmail.com EVA MAROPOULOS GeborenWohnortGr\u00f6sseHaarfarbeAugenfarbeSprachen DialekteStimmlageTanzSport 1990 in Z\u00fcrichZ\u00fcrich160cmDunkelblondGr\u00fcn-BraunDeutsch (Muttersprache)Griechisch (sehr gut)Englisch (sehr gut)Franz\u00f6sisch (gut)SchweizerdeutschAltJazz &#8211; BallettFussball, Volleyball Ausbildung Auszeichnungen Diplome 2019 -2021 Master of Arts,BFH in TheaterHochschule der K\u00fcnste Bern 20172017 Performance Plus StipendiumVdpS Publikumspreis 1. Platz 2015-2018 Schule f\u00fcr Schauspiel Hamburg,SfSH 2017 Source Tuning Workshop beiJens Roth 2006-2009 Restaurationsfachfrau EFZSwiss\u00f4tel &hellip; \u201eVita\u201c weiterlesen\" \/>\n<meta property=\"og:url\" content=\"https:\/\/www.eva-maropoulos.ch\/index.php\/vita\/\" \/>\n<meta property=\"og:site_name\" content=\"eva maropoulos\" \/>\n<meta property=\"article:modified_time\" content=\"2025-08-20T19:46:59+00:00\" \/>\n<meta property=\"og:image\" content=\"https:\/\/www.eva-maropoulos.ch\/wp-content\/uploads\/2024\/07\/Fotocredit-EvaMaropoulos-1-683x1024.jpg\" \/>\n<meta name=\"twitter:card\" content=\"summary_large_image\" \/>\n<meta name=\"twitter:label1\" content=\"Gesch\u00e4tzte Lesezeit\" \/>\n\t<meta name=\"twitter:data1\" content=\"3\u00a0Minuten\" \/>\n<script type=\"application\/ld+json\" class=\"yoast-schema-graph\">{\"@context\":\"https:\/\/schema.org\",\"@graph\":[{\"@type\":\"WebPage\",\"@id\":\"https:\/\/www.eva-maropoulos.ch\/index.php\/vita\/\",\"url\":\"https:\/\/www.eva-maropoulos.ch\/index.php\/vita\/\",\"name\":\"Vita - eva maropoulos\",\"isPartOf\":{\"@id\":\"https:\/\/www.eva-maropoulos.ch\/#website\"},\"datePublished\":\"2021-01-17T17:35:55+00:00\",\"dateModified\":\"2025-08-20T19:46:59+00:00\",\"breadcrumb\":{\"@id\":\"https:\/\/www.eva-maropoulos.ch\/index.php\/vita\/#breadcrumb\"},\"inLanguage\":\"de\",\"potentialAction\":[{\"@type\":\"ReadAction\",\"target\":[\"https:\/\/www.eva-maropoulos.ch\/index.php\/vita\/\"]}]},{\"@type\":\"BreadcrumbList\",\"@id\":\"https:\/\/www.eva-maropoulos.ch\/index.php\/vita\/#breadcrumb\",\"itemListElement\":[{\"@type\":\"ListItem\",\"position\":1,\"name\":\"Home\",\"item\":\"https:\/\/www.eva-maropoulos.ch\/\"},{\"@type\":\"ListItem\",\"position\":2,\"name\":\"Vita\"}]},{\"@type\":\"WebSite\",\"@id\":\"https:\/\/www.eva-maropoulos.ch\/#website\",\"url\":\"https:\/\/www.eva-maropoulos.ch\/\",\"name\":\"eva-maropoulos.ch\",\"description\":\"Schauspielerin\",\"publisher\":{\"@id\":\"https:\/\/www.eva-maropoulos.ch\/#\/schema\/person\/587b3249fd3ce01a47c12cff4b4ebd28\"},\"potentialAction\":[{\"@type\":\"SearchAction\",\"target\":{\"@type\":\"EntryPoint\",\"urlTemplate\":\"https:\/\/www.eva-maropoulos.ch\/?s={search_term_string}\"},\"query-input\":\"required name=search_term_string\"}],\"inLanguage\":\"de\"},{\"@type\":[\"Person\",\"Organization\"],\"@id\":\"https:\/\/www.eva-maropoulos.ch\/#\/schema\/person\/587b3249fd3ce01a47c12cff4b4ebd28\",\"name\":\"Eva Maropoulos\",\"image\":{\"@type\":\"ImageObject\",\"inLanguage\":\"de\",\"@id\":\"https:\/\/www.eva-maropoulos.ch\/#\/schema\/person\/image\/\",\"url\":\"https:\/\/www.eva-maropoulos.ch\/wp-content\/uploads\/2024\/07\/Fotocredit-EvaMaropoulos-1-scaled.jpg\",\"contentUrl\":\"https:\/\/www.eva-maropoulos.ch\/wp-content\/uploads\/2024\/07\/Fotocredit-EvaMaropoulos-1-scaled.jpg\",\"width\":1707,\"height\":2560,\"caption\":\"Eva Maropoulos\"},\"logo\":{\"@id\":\"https:\/\/www.eva-maropoulos.ch\/#\/schema\/person\/image\/\"},\"sameAs\":[\"http:\/\/eva-maropoulos.ch\"]}]}<\/script>\n<!-- \/ Yoast SEO plugin. -->","yoast_head_json":{"title":"Vita - eva maropoulos","robots":{"index":"index","follow":"follow","max-snippet":"max-snippet:-1","max-image-preview":"max-image-preview:large","max-video-preview":"max-video-preview:-1"},"canonical":"https:\/\/www.eva-maropoulos.ch\/index.php\/vita\/","og_locale":"de_DE","og_type":"article","og_title":"Vita - eva maropoulos","og_description":"+41 77 522 80 51eva.maropoulos.contact@gmail.com EVA MAROPOULOS GeborenWohnortGr\u00f6sseHaarfarbeAugenfarbeSprachen DialekteStimmlageTanzSport 1990 in Z\u00fcrichZ\u00fcrich160cmDunkelblondGr\u00fcn-BraunDeutsch (Muttersprache)Griechisch (sehr gut)Englisch (sehr gut)Franz\u00f6sisch (gut)SchweizerdeutschAltJazz &#8211; BallettFussball, Volleyball Ausbildung Auszeichnungen Diplome 2019 -2021 Master of Arts,BFH in TheaterHochschule der K\u00fcnste Bern 20172017 Performance Plus StipendiumVdpS Publikumspreis 1. Platz 2015-2018 Schule f\u00fcr Schauspiel Hamburg,SfSH 2017 Source Tuning Workshop beiJens Roth 2006-2009 Restaurationsfachfrau EFZSwiss\u00f4tel &hellip; \u201eVita\u201c weiterlesen","og_url":"https:\/\/www.eva-maropoulos.ch\/index.php\/vita\/","og_site_name":"eva maropoulos","article_modified_time":"2025-08-20T19:46:59+00:00","og_image":[{"url":"https:\/\/www.eva-maropoulos.ch\/wp-content\/uploads\/2024\/07\/Fotocredit-EvaMaropoulos-1-683x1024.jpg"}],"twitter_card":"summary_large_image","twitter_misc":{"Gesch\u00e4tzte Lesezeit":"3\u00a0Minuten"},"schema":{"@context":"https:\/\/schema.org","@graph":[{"@type":"WebPage","@id":"https:\/\/www.eva-maropoulos.ch\/index.php\/vita\/","url":"https:\/\/www.eva-maropoulos.ch\/index.php\/vita\/","name":"Vita - eva maropoulos","isPartOf":{"@id":"https:\/\/www.eva-maropoulos.ch\/#website"},"datePublished":"2021-01-17T17:35:55+00:00","dateModified":"2025-08-20T19:46:59+00:00","breadcrumb":{"@id":"https:\/\/www.eva-maropoulos.ch\/index.php\/vita\/#breadcrumb"},"inLanguage":"de","potentialAction":[{"@type":"ReadAction","target":["https:\/\/www.eva-maropoulos.ch\/index.php\/vita\/"]}]},{"@type":"BreadcrumbList","@id":"https:\/\/www.eva-maropoulos.ch\/index.php\/vita\/#breadcrumb","itemListElement":[{"@type":"ListItem","position":1,"name":"Home","item":"https:\/\/www.eva-maropoulos.ch\/"},{"@type":"ListItem","position":2,"name":"Vita"}]},{"@type":"WebSite","@id":"https:\/\/www.eva-maropoulos.ch\/#website","url":"https:\/\/www.eva-maropoulos.ch\/","name":"eva-maropoulos.ch","description":"Schauspielerin","publisher":{"@id":"https:\/\/www.eva-maropoulos.ch\/#\/schema\/person\/587b3249fd3ce01a47c12cff4b4ebd28"},"potentialAction":[{"@type":"SearchAction","target":{"@type":"EntryPoint","urlTemplate":"https:\/\/www.eva-maropoulos.ch\/?s={search_term_string}"},"query-input":"required name=search_term_string"}],"inLanguage":"de"},{"@type":["Person","Organization"],"@id":"https:\/\/www.eva-maropoulos.ch\/#\/schema\/person\/587b3249fd3ce01a47c12cff4b4ebd28","name":"Eva Maropoulos","image":{"@type":"ImageObject","inLanguage":"de","@id":"https:\/\/www.eva-maropoulos.ch\/#\/schema\/person\/image\/","url":"https:\/\/www.eva-maropoulos.ch\/wp-content\/uploads\/2024\/07\/Fotocredit-EvaMaropoulos-1-scaled.jpg","contentUrl":"https:\/\/www.eva-maropoulos.ch\/wp-content\/uploads\/2024\/07\/Fotocredit-EvaMaropoulos-1-scaled.jpg","width":1707,"height":2560,"caption":"Eva Maropoulos"},"logo":{"@id":"https:\/\/www.eva-maropoulos.ch\/#\/schema\/person\/image\/"},"sameAs":["http:\/\/eva-maropoulos.ch"]}]}},"_links":{"self":[{"href":"https:\/\/www.eva-maropoulos.ch\/index.php\/wp-json\/wp\/v2\/pages\/230","targetHints":{"allow":["GET"]}}],"collection":[{"href":"https:\/\/www.eva-maropoulos.ch\/index.php\/wp-json\/wp\/v2\/pages"}],"about":[{"href":"https:\/\/www.eva-maropoulos.ch\/index.php\/wp-json\/wp\/v2\/types\/page"}],"author":[{"embeddable":true,"href":"https:\/\/www.eva-maropoulos.ch\/index.php\/wp-json\/wp\/v2\/users\/1"}],"replies":[{"embeddable":true,"href":"https:\/\/www.eva-maropoulos.ch\/index.php\/wp-json\/wp\/v2\/comments?post=230"}],"version-history":[{"count":66,"href":"https:\/\/www.eva-maropoulos.ch\/index.php\/wp-json\/wp\/v2\/pages\/230\/revisions"}],"predecessor-version":[{"id":891,"href":"https:\/\/www.eva-maropoulos.ch\/index.php\/wp-json\/wp\/v2\/pages\/230\/revisions\/891"}],"wp:attachment":[{"href":"https:\/\/www.eva-maropoulos.ch\/index.php\/wp-json\/wp\/v2\/media?parent=230"}],"curies":[{"name":"wp","href":"https:\/\/api.w.org\/{rel}","templated":true}]}}